{"id":1107,"date":"2020-02-17T09:31:15","date_gmt":"2020-02-17T09:31:15","guid":{"rendered":"https:\/\/nhobo.com\/fundacio-lamerced\/?page_id=1107"},"modified":"2020-02-17T09:34:38","modified_gmt":"2020-02-17T09:34:38","slug":"cursos-de-formacion","status":"publish","type":"page","link":"https:\/\/femlamerced.org\/es\/cursos-de-formacion\/","title":{"rendered":"Cursos de formaci\u00f3n"},"content":{"rendered":"<p>[vc_row][vc_column][vc_custom_heading text=&#8221;FORMACI\u00d3N PARA EL PERSONAL DOCENTE&#8221; font_container=&#8221;tag:h2|text_align:left|color:%23fc9f00&#8243; google_fonts=&#8221;font_family:Raleway%3A100%2C200%2C300%2Cregular%2C500%2C600%2C700%2C800%2C900|font_style:800%20bold%20regular%3A800%3Anormal&#8221;][vc_column_text]<\/p>\n<h4><strong>Curso 2019-2020<\/strong><\/h4>\n<hr \/>\n<ul>\n<li>Plataforma Microsoft. Aplicaciones pedag\u00f3gicas con Microsoft.<\/li>\n<li>Evaluaci\u00f3n por competencias.<\/li>\n<li>Formaciones espec\u00edficas por \u00e1reas y niveles.<\/li>\n<\/ul>\n<p>[\/vc_column_text][vc_column_text]<\/p>\n<h4><strong>Formaci\u00f3n equipos directivos<\/strong><\/h4>\n<hr \/>\n<ul>\n<li>Marketing escolar (julio 2109)<\/li>\n<li>Direcci\u00f3n y liderazgo: gesti\u00f3n de entrevistas y reuniones. (julio 2019)<\/li>\n<li>Gabinetes de Crisis: gesti\u00f3n y comunicaci\u00f3n (julio 2020)<\/li>\n<li>Marketing escolar (julio 2020)<\/li>\n<\/ul>\n<p>[\/vc_column_text][\/vc_column][\/vc_row]<\/p>\n","protected":false},"excerpt":{"rendered":"<p>[vc_row][vc_column][vc_custom_heading text=&#8221;FORMACI\u00d3N PARA EL PERSONAL DOCENTE&#8221; font_container=&#8221;tag:h2|text_align:left|color:%23fc9f00&#8243; google_fonts=&#8221;font_family:Raleway%3A100%2C200%2C300%2Cregular%2C500%2C600%2C700%2C800%2C900|font_style:800%20bold%20regular%3A800%3Anormal&#8221;][vc_column_text] Curso 2019-2020 Plataforma Microsoft. Aplicaciones pedag\u00f3gicas con Microsoft. Evaluaci\u00f3n por competencias. Formaciones espec\u00edficas por \u00e1reas y niveles. [\/vc_column_text][vc_column_text] Formaci\u00f3n equipos directivos Marketing escolar (julio 2109) Direcci\u00f3n y liderazgo: gesti\u00f3n de entrevistas y reuniones. (julio 2019) Gabinetes de Crisis: gesti\u00f3n y comunicaci\u00f3n (julio 2020) Marketing escolar (julio 2020) [\/vc_column_text][\/vc_column][\/vc_row]<\/p>\n","protected":false},"author":2,"featured_media":0,"parent":0,"menu_order":0,"comment_status":"closed","ping_status":"closed","template":"template-fullwidth-no-title.php","meta":{"_monsterinsights_skip_tracking":false,"_monsterinsights_sitenote_active":false,"_monsterinsights_sitenote_note":"","_monsterinsights_sitenote_category":0,"footnotes":""},"class_list":["post-1107","page","type-page","status-publish","hentry","odd"],"_links":{"self":[{"href":"https:\/\/femlamerced.org\/es\/wp-json\/wp\/v2\/pages\/1107","targetHints":{"allow":["GET"]}}],"collection":[{"href":"https:\/\/femlamerced.org\/es\/wp-json\/wp\/v2\/pages"}],"about":[{"href":"https:\/\/femlamerced.org\/es\/wp-json\/wp\/v2\/types\/page"}],"author":[{"embeddable":true,"href":"https:\/\/femlamerced.org\/es\/wp-json\/wp\/v2\/users\/2"}],"replies":[{"embeddable":true,"href":"https:\/\/femlamerced.org\/es\/wp-json\/wp\/v2\/comments?post=1107"}],"version-history":[{"count":2,"href":"https:\/\/femlamerced.org\/es\/wp-json\/wp\/v2\/pages\/1107\/revisions"}],"predecessor-version":[{"id":1113,"href":"https:\/\/femlamerced.org\/es\/wp-json\/wp\/v2\/pages\/1107\/revisions\/1113"}],"wp:attachment":[{"href":"https:\/\/femlamerced.org\/es\/wp-json\/wp\/v2\/media?parent=1107"}],"curies":[{"name":"wp","href":"https:\/\/api.w.org\/{rel}","templated":true}]}}