{"id":545,"date":"2020-01-07T11:46:42","date_gmt":"2020-01-07T11:46:42","guid":{"rendered":"https:\/\/nhobo.com\/fundacio\/?page_id=545"},"modified":"2022-07-20T10:12:16","modified_gmt":"2022-07-20T10:12:16","slug":"politica-de-cookies","status":"publish","type":"page","link":"https:\/\/femlamerced.org\/es\/politica-de-cookies\/","title":{"rendered":"Pol\u00edtica de cookies"},"content":{"rendered":"<p>[vc_row][vc_column][vc_column_text]<\/p>\r\n<div class=\"wrapper style2\">\r\n<div class=\"wrapper style2\">\r\n<h2 class=\"wp-block-heading\">Pol\u00edtica de cookies<\/h2>\r\n<p><strong>FUNDACI\u00d3N EDUCATIVA LA MERC\u00c8 <\/strong>\u00a0informa sobre el uso de las cookies en esta p\u00e1gina web.<\/p>\r\n<p>&nbsp;<\/p>\r\n<h2>\u00bfQu\u00e9 son las cookies?<\/h2>\r\n<p>Las cookies son archivos que se pueden descargar en su equipo a trav\u00e9s de las p\u00e1ginas web. Son herramientas que tienen un papel esencial para la prestaci\u00f3n de numerosos servicios de la sociedad de la informaci\u00f3n. Entre otros, permiten a una p\u00e1gina web almacenar y recuperar informaci\u00f3n sobre los h\u00e1bitos de navegaci\u00f3n de un usuario o de su equipo y, dependiendo de la informaci\u00f3n obtenida, se pueden utilizar para reconocer al usuario y mejorar el servicio ofrecido.<\/p>\r\n<p>&nbsp;<\/p>\r\n<h2>Tipos de cookies<\/h2>\r\n<p>Seg\u00fan quien sea la entidad que gestione el dominio desde donde se env\u00edan las cookies y trate los datos que se obtengan se pueden distinguir dos tipos:<\/p>\r\n<p>&nbsp;<\/p>\r\n<ul>\r\n<li><strong>Cookies propias:<\/strong> \u00a0aquellas \u00a0que se env\u00edan al equipo terminal \u00a0del usuario desde un equipo o dominio gestionado por el propio editor y desde el que se presta \u00a0el servicio solicitado por el usuario.<\/li>\r\n<li><strong>Cookies de terceros:<\/strong> aquellas que se env\u00edan al equipo terminal del usuario desde un equipo o dominio que no es gestionado por el editor, sino por otra entidad que trata los datos obtenidos a trav\u00e9s de las cookies.<\/li>\r\n<\/ul>\r\n<p>&nbsp;<\/p>\r\n<p>En el caso de que las cookies sean instaladas desde un equipo o dominio gestionado por el propio editor pero la informaci\u00f3n que se recoja mediante las mismas sea gestionada por un tercero, no pueden ser consideradas como cookies propias.<\/p>\r\n<p>&nbsp;<\/p>\r\n<p>Existe tambi\u00e9n una segunda clasificaci\u00f3n seg\u00fan el plazo de tiempo que permanecen almacenadas en el navegador del cliente, pudiendo tratarse de:<\/p>\r\n<p>&nbsp;<\/p>\r\n<ul>\r\n<li><strong>Cookies de sesi\u00f3n:<\/strong> dise\u00f1adas para recabar y almacenar datos mientras el usuario accede a una p\u00e1gina \u00a0\u00a0Se suelen emplear para almacenar informaci\u00f3n que s\u00f3lo interesa conservar para la prestaci\u00f3n del servicio solicitado por el usuario en una sola ocasi\u00f3n (p.e. una lista de productos adquiridos).<\/li>\r\n<li><strong>Cookies persistentes:<\/strong> los datos siguen almacenados en el terminal y pueden ser accedidos y tratados durante un periodo definido por el responsable de la cookie, y que puede ir de unos minutos a varios a\u00f1os.<\/li>\r\n<\/ul>\r\n<p>&nbsp;<\/p>\r\n<p>Finalmente, hay otra clasificaci\u00f3n con cinco tipos de cookies seg\u00fan la finalidad para la que se traten los datos obtenidos:<\/p>\r\n<p>&nbsp;<\/p>\r\n<ul>\r\n<li><strong>Cookies t\u00e9cnicas<\/strong>: aquellas que permiten al usuario la navegaci\u00f3n a trav\u00e9s \u00a0de una p\u00e1gina web, plataforma o aplicaci\u00f3n y la utilizaci\u00f3n de las diferentes opciones o servicios que haya como, por ejemplo, controlar el tr\u00e1fico y la comunicaci\u00f3n de datos, identificar la sesi\u00f3n, acceder a partes de acceso restringido, recordar los elementos quienes integran un pedido, realizar el proceso de compra de un pedido, realizar<\/li>\r\n<\/ul>\r\n<p>&nbsp;<\/p>\r\n<p>&nbsp;<\/p>\r\n<p>la solicitud de inscripci\u00f3n o participaci\u00f3n en un evento, utilizar elementos de seguridad durante la navegaci\u00f3n, almacenar contenidos para la difusi\u00f3n de v\u00eddeos o sonido o compartir contenidos a trav\u00e9s de redes sociales.<\/p>\r\n<ul>\r\n<li><strong>Cookies de personalizaci\u00f3n:<\/strong> permiten al usuario acceder al servicio con algunas caracter\u00edsticas de car\u00e1cter general predefinidas en funci\u00f3n de una serie de criterios en el terminal del usuario como por ejemplo ser\u00edan el idioma, el tipo de navegador a trav\u00e9s del cual accede al servicio, la configuraci\u00f3n regional desde donde accede al servicio, etc.<\/li>\r\n<li><strong>Cookies de an\u00e1lisis:<\/strong> permiten al responsable de las mismas, el seguimiento y an\u00e1lisis del comportamiento de los\u00a0 usuarios de los sitios web a los que est\u00e1n vinculadas. La informaci\u00f3n recogida mediante este tipo de cookies se utiliza en la medici\u00f3n de la actividad de los sitios web, aplicaci\u00f3n o plataforma y para la elaboraci\u00f3n de perfiles de navarra de los usuarios de estos sitios, aplicaciones y plataformas, con el fin de introducir mejoras en funci\u00f3n del an\u00e1lisis de los datos de uso que hacen los usuarios del servicio.<\/li>\r\n<li><strong>Cookies publicitarias:<\/strong> permiten la gesti\u00f3n, de la forma m\u00e1s eficaz, de los espacios publicitarios.<\/li>\r\n<li><strong>Cookies de publicidad comportamental:<\/strong> almacenan informaci\u00f3n del comportamiento de los usuarios obtenida a trav\u00e9s de la observaci\u00f3n continuada de sus h\u00e1bitos de navegaci\u00f3n, lo que permite desarrollar un perfil espec\u00edfico para mostrar publicidad en funci\u00f3n del mismo.<\/li>\r\n<li><strong>Cookies de redes sociales externas:<\/strong> se utilizan para que los visitantes puedan interactuar con el contenido de diferentes plataformas sociales (facebook, youtube, twitter, linkedIn, etc..) y que se generan \u00fanicamente para los usuarios de estas redes sociales. \u00a0Las condiciones de utilizaci\u00f3n de estas cookies y la informaci\u00f3n recopilada se regula \u00a0por la pol\u00edtica de privacidad de la plataforma social correspondiente.<\/li>\r\n<\/ul>\r\n<p>&nbsp;<\/p>\r\n<h2>Desactivaci\u00f3n y eliminaci\u00f3n de cookies<\/h2>\r\n<p>Tiene la opci\u00f3n de permitir, bloquear o eliminar las cookies instaladas en tu equipo mediante la configuraci\u00f3n de las opciones del navegador instalado en su equipo. Al desactivar cookies, algunos de los servicios disponibles podr\u00edan dejar de estar operativos. La forma de deshabilitar las cookies es diferente para cada navegador, pero normalmente se puede hacer desde el men\u00fa Herramientas u Opciones. Tambi\u00e9n se puede consultar el men\u00fa de Ayuda del navegador donde puedes encontrar instrucciones. El usuario podr\u00e1 en cualquier momento elegir qu\u00e9 cookies quiere que funcionen en este sitio web.<\/p>\r\n<p>&nbsp;<\/p>\r\n<p>Puede usted permitir, bloquear o eliminar las cookies instaladas en su equipo mediante la configuraci\u00f3n de las opciones del navegador instalado en su ordenador:<\/p>\r\n<p>&nbsp;<\/p>\r\n<ul>\r\n<li>Microsoft Internet Explorer o Microsoft Edge:<a href=\"http:\/\/windows.microsoft.com\/es-es\/windows-vista\/Block-or-allow-cookies\"> http:\/\/windows.microsoft.com\/es-es\/windows-vista\/Block-or-allow-cookies<\/a><\/li>\r\n<li>Mozilla Firefox:<a href=\"http:\/\/support.mozilla.org\/es\/kb\/impedir-que-los-sitios-web-guarden-sus-preferencia\"> http:\/\/support.mozilla.org\/es\/kb\/impedir-que-los-sitios-web-guarden-sus-preferencia<\/a><\/li>\r\n<li>Chrome: https:\/\/support.google.com\/accounts\/answer\/61416?hl=es<\/li>\r\n<li>Safari:<a href=\"http:\/\/safari.helpmax.net\/es\/privacidad-y-seguridad\/como-gestionar-las-cookies\/\"> http:\/\/safari.helpmax.net\/es\/privacidad-y-seguridad\/como-gestionar-las-cookies\/<\/a><\/li>\r\n<li>Opera:<a href=\"http:\/\/help.opera.com\/Linux\/10.60\/es-ES\/cookies.html\"> http:\/\/help.opera.com\/Linux\/10.60\/es-ES\/cookies.html<\/a><\/li>\r\n<\/ul>\r\n<p>&nbsp;<\/p>\r\n<p>Adem\u00e1s, tambi\u00e9n puede gestionar el almac\u00e9n de cookies en su navegador a trav\u00e9s de herramientas como las siguientes<\/p>\r\n<ul>\r\n<li>Ghosteri:<a href=\"http:\/\/www.ghostery.com\/\">ghostery.com\/<\/a><\/li>\r\n<li>Your online choices:<a href=\"http:\/\/www.youronlinechoices.com\/es\/\">www.youronlinechoices.com\/es\/<\/a><\/li>\r\n<\/ul>\r\n<p>&nbsp;<\/p>\r\n<h2>Cookies en <a href=\"http:\/\/www.femlamerced.org\">www.femlamerced.org<\/a><\/h2>\r\n<p>A continuaci\u00f3n se identifican las cookies que est\u00e1n siendo utilizadas en este portal as\u00ed como su tipolog\u00eda y funci\u00f3n:<\/p>\r\n<p>&nbsp;<\/p>\r\n<\/div>\r\n<div class=\"wrapper style2\">\r\n<table class=\"table style_detailedTable__1z5DD\">\r\n<thead>\r\n<tr>\r\n<th class=\"style_cookieNameHeader__2z_Gx\" scope=\"col\">Nombre Cookie<\/th>\r\n<th class=\"style_domainHeader__27tVT\" scope=\"col\">Dominio<\/th>\r\n<th class=\"style_categoryHeader__2ZmQJ\" scope=\"col\">Tipo<\/th>\r\n<th scope=\"col\">Descripci\u00f3n<\/th>\r\n<th class=\"style_durationHeader__3oPLP\" scope=\"col\">Duraci\u00f3n<\/th>\r\n<\/tr>\r\n<\/thead>\r\n<tbody>\r\n<tr>\r\n<td>_ga_VT40YNB57J<\/td>\r\n<td class=\"style_dataRow__1snHz\" title=\".femlamerced.org\">.femlamerced.org<\/td>\r\n<td>Anal\u00edtica<\/td>\r\n<td>Esta cookie es instalada por Google Analytics.<\/td>\r\n<td class=\"style_dataRow__1snHz\" title=\"2 years\">2 a\u00f1os<\/td>\r\n<\/tr>\r\n<tr>\r\n<td>_ga<\/td>\r\n<td class=\"style_dataRow__1snHz\" title=\".femlamerced.org\">.femlamerced.org<\/td>\r\n<td>Anal\u00edtica<\/td>\r\n<td>La cookie _ga, instalada por Google Analytics, calcula los datos de los visitantes, de las sesiones y de las campa\u00f1as y tambi\u00e9n hace un seguimiento del uso del sitio para el informe de an\u00e1lisis del mismo. La cookie almacena la informaci\u00f3n de forma an\u00f3nima y asigna un n\u00famero generado aleatoriamente para reconocer a los visitantes \u00fanicos.<\/td>\r\n<td class=\"style_dataRow__1snHz\" title=\"2 years\">2 a\u00f1os<\/td>\r\n<\/tr>\r\n<tr>\r\n<td>wpml_browser_redirect_test<\/td>\r\n<td class=\"style_dataRow__1snHz\" title=\"femlamerced.org\">femlamerced.org<\/td>\r\n<td>Funcional<\/td>\r\n<td>Esta cookie la establece el plugin WPML de WordPress y se utiliza para comprobar si las cookies est\u00e1n habilitadas en el navegador.<\/td>\r\n<td class=\"style_dataRow__1snHz\" title=\"session\">sesi\u00f3n<\/td>\r\n<\/tr>\r\n<\/tbody>\r\n<\/table>\r\n<\/div>\r\n<h2>\u00a0<\/h2>\r\n<h2>Aceptaci\u00f3n de la Pol\u00edtica de cookies<\/h2>\r\n<p>&nbsp;<\/p>\r\n<p>Ante esta informaci\u00f3n es posible llevar a cabo las acciones siguientes:<\/p>\r\n<p>&nbsp;<\/p>\r\n<ul>\r\n<li><strong>Aceptar cookies. <\/strong>Implica aceptar las cookies identificadas en la presente pol\u00edtica.\u00a0No se volver\u00e1 a \u00a0visualizar este aviso al acceder a cualquier p\u00e1gina del sitio web durante la presente sesi\u00f3n.<\/li>\r\n<li><strong>No aceptar cookies.<\/strong> Implica no aceptar las cookies identificadas con finalidad anal\u00edtica y publicitaria.<\/li>\r\n<li><strong>Leer m\u00e1s.<\/strong> Podr\u00e1 obtener m\u00e1s informaci\u00f3n sobre qu\u00e9 son las cookies, conocer la Pol\u00edtica de cookies de nuestra p\u00e1gina web y modificar la configuraci\u00f3n de su navegador.<\/li>\r\n<\/ul>\r\n<p>&nbsp;<\/p>\r\n<\/div>\r\n<p>Para cualquier duda o consulta acerca de esta pol\u00edtica de cookies no dude en comunicarse con nosotros a trav\u00e9s de la direcci\u00f3n: <a href=\"mailto:fem@femlamerced.org\">fem@femlamerced.org<\/a><\/p>\r\n<p>[\/vc_column_text][\/vc_column][\/vc_row]<\/p>","protected":false},"excerpt":{"rendered":"<p>[vc_row][vc_column][vc_column_text] Pol\u00edtica de cookies FUNDACI\u00d3N EDUCATIVA LA MERC\u00c8 \u00a0informa sobre el uso de las cookies en esta p\u00e1gina web. &nbsp; \u00bfQu\u00e9 son las cookies? Las cookies son archivos que se pueden descargar en su equipo a trav\u00e9s de las p\u00e1ginas web. Son herramientas que tienen un papel esencial para la prestaci\u00f3n de numerosos servicios de la sociedad de la informaci\u00f3n.&nbsp;<a href=\"https:\/\/femlamerced.org\/es\/politica-de-cookies\/\">&hellip;<\/a><\/p>\n","protected":false},"author":2,"featured_media":0,"parent":0,"menu_order":0,"comment_status":"closed","ping_status":"open","template":"template-fullwidth.php","meta":{"_monsterinsights_skip_tracking":false,"_monsterinsights_sitenote_active":false,"_monsterinsights_sitenote_note":"","_monsterinsights_sitenote_category":0,"footnotes":""},"class_list":["post-545","page","type-page","status-publish","hentry","odd"],"_links":{"self":[{"href":"https:\/\/femlamerced.org\/es\/wp-json\/wp\/v2\/pages\/545","targetHints":{"allow":["GET"]}}],"collection":[{"href":"https:\/\/femlamerced.org\/es\/wp-json\/wp\/v2\/pages"}],"about":[{"href":"https:\/\/femlamerced.org\/es\/wp-json\/wp\/v2\/types\/page"}],"author":[{"embeddable":true,"href":"https:\/\/femlamerced.org\/es\/wp-json\/wp\/v2\/users\/2"}],"replies":[{"embeddable":true,"href":"https:\/\/femlamerced.org\/es\/wp-json\/wp\/v2\/comments?post=545"}],"version-history":[{"count":5,"href":"https:\/\/femlamerced.org\/es\/wp-json\/wp\/v2\/pages\/545\/revisions"}],"predecessor-version":[{"id":1335,"href":"https:\/\/femlamerced.org\/es\/wp-json\/wp\/v2\/pages\/545\/revisions\/1335"}],"wp:attachment":[{"href":"https:\/\/femlamerced.org\/es\/wp-json\/wp\/v2\/media?parent=545"}],"curies":[{"name":"wp","href":"https:\/\/api.w.org\/{rel}","templated":true}]}}